






{"id":123,"date":"2022-01-12T14:31:22","date_gmt":"2022-01-12T11:31:22","guid":{"rendered":"https:\/\/www.esahclinic.com\/tr\/?page_id=123"},"modified":"2022-01-12T14:31:22","modified_gmt":"2022-01-12T11:31:22","slug":"hakkimizda","status":"publish","type":"page","link":"https:\/\/www.esahclinic.com\/tr\/hakkimizda\/","title":{"rendered":"Hakk\u0131m\u0131zda"},"content":{"rendered":"<p>2008 y\u0131l\u0131nda sa\u00e7 d\u00f6k\u00fclmesi sonucu olu\u015fan t\u00fcm sorunlar\u0131n \u00f6n\u00fcne ge\u00e7mek ve hastalar\u0131n ya\u015fam kalitelerini artt\u0131rmak ad\u0131na \u0130stanbul\u2019da sa\u00e7 ekimi ve medikal estetik hizmetlerini sunmak \u00fczere \u00e7al\u0131\u015fmalar\u0131na ba\u015flam\u0131\u015ft\u0131r.<\/p>\n<p>Sa\u00e7 ekimi ve medikal estetik konusunda uzmanla\u015fm\u0131\u015f doktorlar\u0131 ve deneyimli sa\u011fl\u0131k \u00e7al\u0131\u015fanlar\u0131yla tam donan\u0131ml\u0131 hastane ortam\u0131nda hizmet vermektedir.<\/p>\n<p>T\u00fcm d\u00fcnyadan ve T\u00fcrkiye den binlerce hastaya ev sahipli\u011fi yapmakta istedikleri tedavileri, VIP Transfer, 5 y\u0131ld\u0131zl\u0131 otellerde konaklama \u00a0,operasyon sonras\u0131 kullan\u0131lacak ila\u00e7lar , tedavi sonras\u0131 takip , terc\u00fcman ,garanti sertifikas\u0131 gibi hizmetlerin dahil oldu\u011fu paketler arac\u0131l\u0131\u011f\u0131yla hastalara sunmaktad\u0131r.<\/p>\n<p>Esah CL\u0130N\u0130C \u0130stanbul ba\u015fta olmak \u00fczere d\u00fcnyan\u0131n bir\u00e7ok \u00fclkelerinde hizmet vermektedir. Aktif olarak KUWA\u0130T &#8211; IRAK \u2013 BAHREYN \u2018de \u00a0hastalar\u0131na kap\u0131lar\u0131n\u0131 a\u00e7\u0131yor.<\/p>\n<p><strong>AMACIMIZ<\/strong><\/p>\n<p>T\u00fcm t\u0131bbi uygular\u0131m\u0131z\u0131 yerel ve uluslararas\u0131 sa\u011fl\u0131k standartlar\u0131nda kabul g\u00f6ren teknoloji ve yakla\u015f\u0131mlar\u0131 kullanarak ger\u00e7ekle\u015ftirmek.<\/p>\n<p><strong>V\u0130ZYONUMUZ<\/strong><\/p>\n<p>Sa\u00e7 nakli ve tedavileriyle estetik cerrahi alanlar\u0131nda Sa\u011fl\u0131k Bakanl\u0131\u011f\u0131nca onayl\u0131 standartlarda hizmet sunmak.<\/p>\n","protected":false},"excerpt":{"rendered":"<p>2008 y\u0131l\u0131nda sa\u00e7 d\u00f6k\u00fclmesi sonucu olu\u015fan t\u00fcm sorunlar\u0131n \u00f6n\u00fcne ge\u00e7mek ve hastalar\u0131n ya\u015fam kalitelerini artt\u0131rmak ad\u0131na \u0130stanbul\u2019da sa\u00e7 ekimi ve medikal estetik hizmetlerini sunmak \u00fczere \u00e7al\u0131\u015fmalar\u0131na ba\u015flam\u0131\u015ft\u0131r. Sa\u00e7 ekimi ve medikal estetik konusunda uzmanla\u015fm\u0131\u015f doktorlar\u0131 ve deneyimli sa\u011fl\u0131k \u00e7al\u0131\u015fanlar\u0131yla tam donan\u0131ml\u0131 hastane ortam\u0131nda hizmet vermektedir. T\u00fcm d\u00fcnyadan ve T\u00fcrkiye den binlerce hastaya ev sahipli\u011fi yapmakta [&hellip;]<\/p>\n","protected":false},"author":1,"featured_media":0,"parent":0,"menu_order":0,"comment_status":"closed","ping_status":"closed","template":"","meta":{"footnotes":""},"class_list":["post-123","page","type-page","status-publish","hentry"],"_links":{"self":[{"href":"https:\/\/www.esahclinic.com\/tr\/wp-json\/wp\/v2\/pages\/123","targetHints":{"allow":["GET"]}}],"collection":[{"href":"https:\/\/www.esahclinic.com\/tr\/wp-json\/wp\/v2\/pages"}],"about":[{"href":"https:\/\/www.esahclinic.com\/tr\/wp-json\/wp\/v2\/types\/page"}],"author":[{"embeddable":true,"href":"https:\/\/www.esahclinic.com\/tr\/wp-json\/wp\/v2\/users\/1"}],"replies":[{"embeddable":true,"href":"https:\/\/www.esahclinic.com\/tr\/wp-json\/wp\/v2\/comments?post=123"}],"version-history":[{"count":1,"href":"https:\/\/www.esahclinic.com\/tr\/wp-json\/wp\/v2\/pages\/123\/revisions"}],"predecessor-version":[{"id":124,"href":"https:\/\/www.esahclinic.com\/tr\/wp-json\/wp\/v2\/pages\/123\/revisions\/124"}],"wp:attachment":[{"href":"https:\/\/www.esahclinic.com\/tr\/wp-json\/wp\/v2\/media?parent=123"}],"curies":[{"name":"wp","href":"https:\/\/api.w.org\/{rel}","templated":true}]}}